{"id":844,"date":"2021-02-25T11:36:59","date_gmt":"2021-02-25T10:36:59","guid":{"rendered":"https:\/\/erc-rheovolution.gm.univ-montp2.fr\/?page_id=844"},"modified":"2025-11-10T15:02:38","modified_gmt":"2025-11-10T14:02:38","slug":"meetings","status":"publish","type":"page","link":"https:\/\/erc-rheovolution.gm.univ-montp2.fr\/?page_id=844","title":{"rendered":"Meetings"},"content":{"rendered":"\n<p><\/p>\n\n\n\n<h2 class=\"wp-block-heading\"><strong>RhEoVOLUTION meetings<\/strong><\/h2>\n\n\n\n<ul class=\"wp-block-list\"><li><strong>1st RhEoVOLUTION meeting, 27-31 September 2021, Valence (France) <\/strong><a href=\"https:\/\/erc-rheovolution.gm.univ-montp2.fr\/wp-content\/uploads\/2024\/01\/ERC_RhEoVOLUTION_1stmeeting_Valence_Sept2021.pdf\" target=\"_blank\" rel=\"noreferrer noopener\">PROGRAM<\/a><\/li><li><strong>2nd RhEoVOLUTION meeting, 9-10 May, Montpellier (France) <\/strong><a href=\"https:\/\/erc-rheovolution.gm.univ-montp2.fr\/wp-content\/uploads\/2024\/01\/2eme_Re\u0301union_ERC_RhEoVOLUTION_9-10Mai2022.pdf\" target=\"_blank\" rel=\"noreferrer noopener\">PROGRAM<\/a><\/li><li><strong>3rd RhEoVOLUTION meeting, 9-12 <strong>January<\/strong> 2023, <strong>S\u00e8te<\/strong><\/strong> <strong>(France)<\/strong> <a href=\"https:\/\/erc-rheovolution.gm.univ-montp2.fr\/wp-content\/uploads\/2024\/01\/3rd_RhEoVOLUTION_workshop_Sete2023.pdf\" target=\"_blank\" rel=\"noreferrer noopener\">PROGRAM<\/a><\/li><li><strong>4nd RhEoVOLUTION meeting, 26-29 June 2023, Montpellier (France)  <\/strong><a href=\"https:\/\/erc-rheovolution.gm.univ-montp2.fr\/wp-content\/uploads\/2024\/01\/4th_RhEoVOLUTION_meeting_Montpellier_June2023.pdf\" target=\"_blank\" rel=\"noreferrer noopener\">PROGRAM<\/a><\/li><li><strong>5th RhEoVOLUTION meeting, 23-26 January 2024, Villard-de-Lans (France) <\/strong><a href=\"https:\/\/erc-rheovolution.gm.univ-montp2.fr\/wp-content\/uploads\/2024\/01\/5_RhEoVOLUTION_workshop_Villard_Jan2024.pdf\" target=\"_blank\" rel=\"noreferrer noopener\">PROGRAM<\/a><\/li><li><strong>6th RhEoVOLUTION meeting, 23-25 July 2024, Montpellier (France) <\/strong><a href=\"https:\/\/erc-rheovolution.gm.univ-montp2.fr\/wp-content\/uploads\/2024\/01\/6th RhEoVOLUTION Meeting Program.pdf\" target=\"_blank\" rel=\"noreferrer noopener\">P<\/a><a href=\"https:\/\/erc-rheovolution.gm.univ-montp2.fr\/wp-content\/uploads\/2025\/03\/6th-RhEoVOLUTION-Meeting-Program.pdf\" target=\"_blank\" rel=\"noreferrer noopener\">ROGRAM<\/a><\/li><li><strong>7th RhEoVOLUTION meeting, 18-21 January 2025, Montpellier (France) <\/strong><a href=\"https:\/\/erc-rheovolution.gm.univ-montp2.fr\/wp-content\/uploads\/2025\/02\/7thRhEoVOLUTIONMeetingProgram.pdf\" target=\"_blank\" rel=\"noreferrer noopener\">PROGRAM<\/a><\/li><\/ul>\n\n\n\n<h2 class=\"wp-block-heading\">Presentation of RhEoVOLUTION results in <strong>conferences<\/strong><\/h2>\n\n\n\n<p><strong><strong><a href=\"https:\/\/rt-nuts-ia.sciencesconf.org\/\">R\u00e9union des Sciences de la Terre,  27-31 Octobre 2025, Montpellier<\/a><\/strong><\/strong><\/p>\n\n\n\n<ul class=\"wp-block-list\"><li><strong>Thomas Mineau, Andr\u00e9a Tommasi, Maurine Montagnat, Fabrice Barou&nbsp;<\/strong> Observation in-situ des r\u00e9troactions entre d\u00e9formation et \u00e9volution de la microstructure par recristallisation dynamique (oral)<\/li><li><strong>Lilou Zeller, Riad Hassani,&nbsp;Michel Peyret, Andrea Tommasi&nbsp;<\/strong>. ADELI2024 : une autre fa\u00e7on de mod\u00e9liser la d\u00e9formation de la lithosph\u00e8re (poster)<\/li><\/ul>\n\n\n\n<p><a href=\"https:\/\/rt-nuts-ia.sciencesconf.org\/\"><strong><strong><\/strong><\/strong><\/a><strong><strong><a href=\"https:\/\/rt-nuts-ia.sciencesconf.org\/\">NUTS-AI : Workshop on artificial intelligence and application to solid Earth, 7-8 July 2025, Paris<\/a><\/strong><\/strong><\/p>\n\n\n\n<ul class=\"wp-block-list\"><li><strong>Andrea Tommasi, Nestor Cerpa, Lilou Zeller, Fernando Carazo<\/strong> Towards the prediction of elastic (seismic) anisotropy in the upper mantle using supervised deep-learning (oral)<\/li><\/ul>\n\n\n\n<p><a href=\"https:\/\/www.gn-meba.org\/reunions_th.html\"><strong><strong>Journ\u00e9es GN-MEBA<\/strong><\/strong><\/a><strong><a href=\"https:\/\/cmcs2025.sciencesconf.org\/\">, 2-3 July 2025, Toulouse, France<\/a><\/strong><\/p>\n\n\n\n<ul class=\"wp-block-list\"><li><strong>Fabrice Barou,&nbsp;Gaetan Boissonneau,&nbsp;Thomas Mineau&nbsp;, Marco A. Lopez-Sanchez, Thomas Chauve,&nbsp;Maurine Montagnat &amp; Andr\u00e9a Tommasi, <\/strong>Etude de la recristallisation dynamique par analyses EBSD in-situ sur l\u2019alliage de magn\u00e9sium AZ31 et ex-situ sur la glace (invited)<\/li><\/ul>\n\n\n\n<p><a href=\"https:\/\/lherzolite2024.github.io\/\"><strong><strong>C<\/strong><\/strong><\/a><strong><a href=\"https:\/\/cmcs2025.sciencesconf.org\/\"><strong>MCS IV &#8211; International Conference on Computational Modeling of Complex Materials Across the Scales<\/strong>, 13-16 May 2025, Champs sur Marne, France<\/a><\/strong><\/p>\n\n\n\n<ul class=\"wp-block-list\"><li><strong>Saez-Leiva F.<\/strong>, <strong>Tommasi, A., Peyret, M., Hassani, R., <\/strong>Strain localization on Earth: From microstructural heterogeneity to macro- and mesoscale shear zones (poster)<\/li><li><strong>Zeller, L, Fernando Carazo<\/strong>, <strong>Andrea Tommasi<\/strong> &amp; <strong>Nestor Cerpa<\/strong>. Predicting seismic anisotropy in the Earth&rsquo;s mantle using supervised deep-learning (poster)<\/li><\/ul>\n\n\n\n<p><a href=\"https:\/\/meetingorganizer.copernicus.org\/EGU25\/session\/52490\"><strong>EGU General Assembly 2025 &#8211; 27 April\u20132 May 2025, Vienna, Austria<\/strong><\/a><\/p>\n\n\n\n<ul class=\"wp-block-list\"><li><strong><strong>Thomas Chauve<\/strong>, Antonin Hilzheber, Maurine Montagnat, V\u00e9ronique Dansereau, Pierre Saramito, <\/strong>K\u00e9vin Fourteau, and<strong> Andr\u00e9a Tommasi <\/strong>A physically-based model for texture evolution during dynamic recrystallization: applicationsto ice and prospects for large-scale modeling (invited oral)<\/li><\/ul>\n\n\n\n<p><a href=\"https:\/\/plasticite2025.sciencesconf.org\/\"><strong>Plasticit\u00e9 2025 &#8211; 22-24 April 2025, Poitiers, France<\/strong><\/a><\/p>\n\n\n\n<ul class=\"wp-block-list\"><li><strong>Tommasi, A. <\/strong>Plasticity in rocks (invited)<\/li><\/ul>\n\n\n\n<p><strong><a href=\"https:\/\/2024.legfr.fr\/\">GRF 2024 &#8211; 21-25 October 2024, Marseille, France<\/a><\/strong><\/p>\n\n\n\n<ul class=\"wp-block-list\"><li><strong>Tommasi, A., Peyret, M., Hassani, R., Saez-Leiva F. <\/strong>From microstructural heterogeneity to macro- and mesoscale shear zones: a recipe for ductile strain localization (oral)<\/li><\/ul>\n\n\n\n<p><a href=\"https:\/\/lherzolite2024.github.io\/\"><strong>7th Orogenic Lherzolite Meeting, 30 September to 4 October 2024, Oviedo, Spain<\/strong><\/a><\/p>\n\n\n\n<ul class=\"wp-block-list\"><li><strong>Tommasi, A., Chardelin, M., <\/strong>Padron-Navarta, J.A., Progressive strain localization and fluid focusing in mantle shear zones during rifting: petrostructural constraints from the Zabargad peridotites, Red Sea (oral)<\/li><\/ul>\n\n\n\n<p><strong><a href=\"https:\/\/meetings.copernicus.org\/2024AdaLovelaceWorkshop\">2024 Ada Lovelace Workshop on Numerical Modelling of Mantle and Lithosphere Dynamics, 2-6 September 2024, S\u00e8te, France<\/a><\/strong><\/p>\n\n\n\n<ul class=\"wp-block-list\"><li><strong>Maurine Montagnat<\/strong> Rheology of ice. Small scale processes and large scale flow simulations (keynote presentation)<\/li><li><strong>Nestor Cerpa<\/strong>, <strong>Andrea Tommasi, Fernando Carazo, Javier Signorelli, Buchanan Kerswell<\/strong>, Jose Alberto Padr\u00f3n-Navarta. Using machine learning to simulate sub-mesh processes in geodynamic modeling: example for the prediction of texture-induced anisotropy in the upper mantle (keynote presentation)<\/li><li><strong>Tommasi, A., Peyret, M., Hassani, R. <\/strong>Spontaneous ductile strain localization in the Earth mantle: key ingredients and regime diagram. (poster)<\/li><\/ul>\n\n\n\n<p><a href=\"https:\/\/icotom20.sciencesconf.org\/\"><strong>20TH INTERNATIONAL CONFERENCE ON TEXTURES OF MATERIALS, Metz, June 30-July 5, 2024<\/strong><\/a><\/p>\n\n\n\n<ul class=\"wp-block-list\"><li><strong>Fernando Carazo,<\/strong> <strong>Nestor Cerpa, Javier Signorelli, <strong>Andr\u00e9a Tommasi<\/strong>.<\/strong> Predicting seismic anisotropy in the upper mantle using supervised deep-learning (Poster)<\/li><li><strong>Boissonneau, G., Tommasi, A., Barou, F., Lopez-Sanchez M.A., Montagnat, M.<\/strong> Dynamic recrystallization and mechanical behavior of Mg alloy AZ31: Constraints from tensile tests with in-situ EBSD analysis (Oral)<\/li><\/ul>\n\n\n\n<p><strong><a href=\"https:\/\/cas-nor.no\/events\/fricfrac-conference-2024\">FRICFRAC Conference 2024 , Oslo, 17-19 June 2024<\/a><\/strong><\/p>\n\n\n\n<ul class=\"wp-block-list\"><li><strong>Tommasi, A., Peyret, M., Hassani, R.<\/strong> From microstructural heterogeneity to macro- and mesoscale shear zones: a recipe for ductile strain localization (Invited presentation)<\/li><\/ul>\n\n\n\n<p><a href=\"https:\/\/www.egu24.eu\/\"><strong>European Geosciences Union General Assembly 2024, Vienna, 14\u201319 April 2024<\/strong><\/a><\/p>\n\n\n\n<ul class=\"wp-block-list\"><li><strong>Andr\u00e9a Tommasi,<\/strong> <strong>Fernando Carazo<\/strong>, <strong>Nestor Cerpa <\/strong>(speaker)<strong>, Javier Signorelli. <\/strong>Predicting seismic anisotropy in the upper mantle using supervised deep-learning (Oral)<\/li><\/ul>\n\n\n\n<p><a href=\"https:\/\/nuts-w1.sciencesconf.org\/\"><strong>Geomod 2023, Paris, France, 25-28 September 2023<\/strong><\/a><\/p>\n\n\n\n<ul class=\"wp-block-list\"><li><strong>Tommasi, A., Peyret, M., Hassani, R.<\/strong> From microstructural heterogeneity to macro- and mesoscale shear zones: a recipe for strain localization on Earth (Oral)<\/li><\/ul>\n\n\n\n<p><a href=\"https:\/\/nuts-w1.sciencesconf.org\/\"><strong>NuTS workshop 2023, Lyon, France, 30 May-2 June<\/strong><\/a><\/p>\n\n\n\n<ul class=\"wp-block-list\"><li><strong>Nestor Cerpa, Andr\u00e9a Tommasi, Javier Signorelli, Fernando Carazo <\/strong> Using deep learning to predict the evolution of mechanical anisotropy in the Earth&rsquo;s mantle due to texture development (Oral)<\/li><\/ul>\n\n\n\n<p class=\"has-text-align-left\"><a href=\"https:\/\/plasticite2023.sciencesconf.org\/program\" target=\"_blank\" rel=\"noreferrer noopener\"><strong>Plasticit\u00e9 2023, Lyon, France, 3-5 April <\/strong><\/a><\/p>\n\n\n\n<ul class=\"wp-block-list\"><li><strong>Gaetan Boissonneau, Fabrice Barou, Marco Antonio Lopez-Sanchez, Maurine Montagnat, Andr\u00e9a Tommasi.<\/strong> Etude in-situ de la recristallisation dynamique dans l&rsquo;alliage de Magnesium AZ31 (Oral)<\/li><li><strong>Maurine Montagnat, Thomas Chave,<\/strong> Fanny Grennerat, <strong>Andr\u00e9a Tommasi, <\/strong>Olivier Castelnau &#8211; H\u00e9t\u00e9rog\u00e9n\u00e9it\u00e9s de d\u00e9formation et recristallisation dynamique: ce que la glace peut nous en dire. (Invited Presentation)<\/li><\/ul>\n\n\n\n<p class=\"has-text-align-left\"><a href=\"https:\/\/emaw2022.sciencesconf.org\/\" target=\"_blank\" rel=\"noreferrer noopener\"><strong>Earth Mantle Workshop (EMAW), Toulouse, France<\/strong> <strong>12-15 September 2022<\/strong><\/a><\/p>\n\n\n\n<ul class=\"wp-block-list\"><li><strong>Andr\u00e9a Tommasi., Molines, C., Chardelin<\/strong>, M., Padron-Navarta, J.A., Hidas, K., Langone, A., Frets, E. Vauchez, A. Revisiting the role of fluids on the deformation of the lithospheric mantle.<\/li><li><strong>Marialine Chardelin, Andr\u00e9a Tommasi,<\/strong> Jos\u00e9 Alberto Padron-Navarta, Fran\u00e7oise Boudier, Matthieu Zaderatzky &#8211; Progressive strain localization in an extensional mantle shear zone (Zabargad, Red Sea)<\/li><li><strong>Marialine Chardelin, Andr\u00e9a Tommasi,<\/strong> Pierre Bouilhol- Feedbacks between melt transport and deformation in the mantle root of an island arc (Sapat peridotites, arc)<\/li><\/ul>\n\n\n\n<p class=\"has-text-align-left\"><strong><a href=\"https:\/\/meetings.copernicus.org\/2022AdaLovelaceWorkshop\/about\/general_information.html\">Ada Lovelace Workshop on Numerical Modelling of Mantle and Lithosphere Dynamics, H\u00e9v\u00edz, Hungary, 28 August\u20132 September 2022<\/a><\/strong><\/p>\n\n\n\n<ul class=\"wp-block-list\"><li><strong>Andr\u00e9a Tommasi, Michel Peyret &amp; Riad Hassani<\/strong> &#8211; Micro-scale dependent, time- and space-evolving rheologies: key for ductile strain localization in geodynamical models<\/li><\/ul>\n\n\n\n<p class=\"has-text-align-left\"><strong><a href=\"https:\/\/the-mas.org\/events\/topical-conferences\/ebsd-2022\/\" target=\"_blank\" rel=\"noreferrer noopener\">EBSD Virtual Conference 7-9 June 2022<\/a><\/strong><\/p>\n\n\n\n<ul class=\"wp-block-list\"><li><strong>Marco Lopez-Sanchez, Andr\u00e9a Tommasi, <\/strong>Walid Ben Ismail&nbsp; &amp; <strong>Fabrice Barou<\/strong> &#8211; Dynamic recrystallization by subgrain rotation in olivine revealed by electron backscatter diffraction<\/li><\/ul>\n\n\n\n<p class=\"has-text-align-left\"><a href=\"https:\/\/lameroc.eu\/\" target=\"_blank\" rel=\"noreferrer noopener\"><strong>6th International Workshop on Rock Physics, La Coru\u00f1a, Spain,<\/strong> <strong>13-17 June 2022<\/strong><\/a><\/p>\n\n\n\n<ul class=\"wp-block-list\"><li><strong>Marco Lopez-Sanchez, Thomas Chauve, Maurine Montagnat, Andr\u00e9a Tommasi &#8211; <\/strong>Evolution of strain field and microstructure in polycrystalline ice using in situ experiments<\/li><\/ul>\n","protected":false},"excerpt":{"rendered":"<p>RhEoVOLUTION meetings 1st RhEoVOLUTION meeting, 27-31 September 2021, Valence (France) PROGRAM 2nd RhEoVOLUTION meeting, 9-10 May, Montpellier (France) PROGRAM 3rd RhEoVOLUTION meeting, 9-12 January 2023, S\u00e8te (France) PROGRAM 4nd RhEoVOLUTION meeting, 26-29 June 2023, Montpellier (France) PROGRAM 5th RhEoVOLUTION meeting, 23-26 January 2024, Villard-de-Lans (France) PROGRAM 6th RhEoVOLUTION meeting, 23-25 July 2024, Montpellier (France) PROGRAM &hellip; <a href=\"https:\/\/erc-rheovolution.gm.univ-montp2.fr\/?page_id=844\" class=\"more-link\">Continuer la lecture<span class=\"screen-reader-text\"> de &laquo;&nbsp;Meetings&nbsp;&raquo;<\/span><\/a><\/p>\n","protected":false},"author":8,"featured_media":0,"parent":0,"menu_order":0,"comment_status":"closed","ping_status":"closed","template":"","meta":{"footnotes":""},"class_list":["post-844","page","type-page","status-publish","hentry"],"_links":{"self":[{"href":"https:\/\/erc-rheovolution.gm.univ-montp2.fr\/index.php?rest_route=\/wp\/v2\/pages\/844","targetHints":{"allow":["GET"]}}],"collection":[{"href":"https:\/\/erc-rheovolution.gm.univ-montp2.fr\/index.php?rest_route=\/wp\/v2\/pages"}],"about":[{"href":"https:\/\/erc-rheovolution.gm.univ-montp2.fr\/index.php?rest_route=\/wp\/v2\/types\/page"}],"author":[{"embeddable":true,"href":"https:\/\/erc-rheovolution.gm.univ-montp2.fr\/index.php?rest_route=\/wp\/v2\/users\/8"}],"replies":[{"embeddable":true,"href":"https:\/\/erc-rheovolution.gm.univ-montp2.fr\/index.php?rest_route=%2Fwp%2Fv2%2Fcomments&post=844"}],"version-history":[{"count":51,"href":"https:\/\/erc-rheovolution.gm.univ-montp2.fr\/index.php?rest_route=\/wp\/v2\/pages\/844\/revisions"}],"predecessor-version":[{"id":2390,"href":"https:\/\/erc-rheovolution.gm.univ-montp2.fr\/index.php?rest_route=\/wp\/v2\/pages\/844\/revisions\/2390"}],"wp:attachment":[{"href":"https:\/\/erc-rheovolution.gm.univ-montp2.fr\/index.php?rest_route=%2Fwp%2Fv2%2Fmedia&parent=844"}],"curies":[{"name":"wp","href":"https:\/\/api.w.org\/{rel}","templated":true}]}}